{"id":1209,"date":"2021-03-12T13:14:50","date_gmt":"2021-03-12T11:14:50","guid":{"rendered":"https:\/\/j\u00fcri\u00f6\u00f6m\u00e4rgutuled.ee\/?page_id=1209"},"modified":"2023-04-05T17:47:31","modified_gmt":"2023-04-05T15:47:31","slug":"automaatmustand-3","status":"publish","type":"page","link":"https:\/\/j\u00fcri\u00f6\u00f6m\u00e4rgutuled.ee\/?page_id=1209","title":{"rendered":"L\u00f5kkekaart 2021"},"content":{"rendered":"<div class=\"vce-row-container\" data-vce-boxed-width=\"true\"><div class=\"vce-row vce-row--col-gap-30 vce-row-equal-height vce-row-content--top\" id=\"el-0589015a\" data-vce-do-apply=\"all el-0589015a\"><div class=\"vce-row-content\" data-vce-element-content=\"true\"><div class=\"vce-col vce-col--md-auto vce-col--xs-1 vce-col--xs-last vce-col--xs-first vce-col--sm-last vce-col--sm-first vce-col--md-last vce-col--lg-last vce-col--xl-last vce-col--md-first vce-col--lg-first vce-col--xl-first\" id=\"el-9559259c\"><div class=\"vce-col-inner\" data-vce-do-apply=\"border margin background  el-9559259c\"><div class=\"vce-col-content\" data-vce-element-content=\"true\" data-vce-do-apply=\"padding el-9559259c\"><div class=\"vce-shortcode\"><div class=\"vce-shortcode-wrapper vce\" id=\"el-a723d9f1\" data-vce-do-apply=\"all el-a723d9f1\"><iframe loading=\"lazy\" src=\"https:\/\/navicup.com\/embed\/jurioo-margutuled2021\/ee\/\" style=\"border:none\" width=\"100%\" height=\"600\"><\/iframe><\/div><\/div><\/div><\/div><\/div><\/div><\/div><\/div>\n","protected":false},"excerpt":{"rendered":"","protected":false},"author":3,"featured_media":0,"parent":0,"menu_order":0,"comment_status":"closed","ping_status":"closed","template":"","meta":{"footnotes":""},"class_list":["post-1209","page","type-page","status-publish","hentry","nodate","item-wrap"],"_links":{"self":[{"href":"https:\/\/j\u00fcri\u00f6\u00f6m\u00e4rgutuled.ee\/index.php?rest_route=\/wp\/v2\/pages\/1209","targetHints":{"allow":["GET"]}}],"collection":[{"href":"https:\/\/j\u00fcri\u00f6\u00f6m\u00e4rgutuled.ee\/index.php?rest_route=\/wp\/v2\/pages"}],"about":[{"href":"https:\/\/j\u00fcri\u00f6\u00f6m\u00e4rgutuled.ee\/index.php?rest_route=\/wp\/v2\/types\/page"}],"author":[{"embeddable":true,"href":"https:\/\/j\u00fcri\u00f6\u00f6m\u00e4rgutuled.ee\/index.php?rest_route=\/wp\/v2\/users\/3"}],"replies":[{"embeddable":true,"href":"https:\/\/j\u00fcri\u00f6\u00f6m\u00e4rgutuled.ee\/index.php?rest_route=%2Fwp%2Fv2%2Fcomments&post=1209"}],"version-history":[{"count":8,"href":"https:\/\/j\u00fcri\u00f6\u00f6m\u00e4rgutuled.ee\/index.php?rest_route=\/wp\/v2\/pages\/1209\/revisions"}],"predecessor-version":[{"id":1423,"href":"https:\/\/j\u00fcri\u00f6\u00f6m\u00e4rgutuled.ee\/index.php?rest_route=\/wp\/v2\/pages\/1209\/revisions\/1423"}],"wp:attachment":[{"href":"https:\/\/j\u00fcri\u00f6\u00f6m\u00e4rgutuled.ee\/index.php?rest_route=%2Fwp%2Fv2%2Fmedia&parent=1209"}],"curies":[{"name":"wp","href":"https:\/\/api.w.org\/{rel}","templated":true}]}}