{"id":1407,"date":"2023-04-05T17:26:16","date_gmt":"2023-04-05T15:26:16","guid":{"rendered":"https:\/\/j\u00fcri\u00f6\u00f6m\u00e4rgutuled.ee\/?page_id=1407"},"modified":"2023-04-05T17:56:57","modified_gmt":"2023-04-05T15:56:57","slug":"toimunud-jurioo-margutuled","status":"publish","type":"page","link":"https:\/\/j\u00fcri\u00f6\u00f6m\u00e4rgutuled.ee\/?page_id=1407","title":{"rendered":"Toimunud J\u00fcri\u00f6\u00f6 M\u00e4rgutuled"},"content":{"rendered":"<div class=\"vce-row-container\" data-vce-boxed-width=\"true\"><div class=\"vce-row vce-row--col-gap-30 vce-row-equal-height vce-row-content--top\" id=\"el-de1f4907\" data-vce-do-apply=\"all el-de1f4907\"><div class=\"vce-row-content\" data-vce-element-content=\"true\"><div class=\"vce-col vce-col--md-auto vce-col--xs-1 vce-col--xs-last vce-col--xs-first vce-col--sm-last vce-col--sm-first vce-col--md-first vce-col--lg-first vce-col--xl-first\" id=\"el-cda0374b\"><div class=\"vce-col-inner\" data-vce-do-apply=\"border margin background  el-cda0374b\"><div class=\"vce-col-content\" data-vce-element-content=\"true\" data-vce-do-apply=\"padding el-cda0374b\"><div class=\"vce-button--style-outline-container vce-button--style-outline-container--align-center\"><span class=\"vce-button--style-outline-wrapper vce\" id=\"el-ff8c6009\" data-vce-do-apply=\"margin el-ff8c6009\"><a class=\"vce-button vce-button--style-outline-animated vce-button--style-outline--border-rounded vce-button--style-outline--size-large vce-button--style-outline-animated--color-e3e3e3--fff--3d3d3d vce-button--style-outline-animated--border-color-e3e3e3--3d3d3d vce-button--style-outline-animated--background-color-3d3d3d\" href=\"https:\/\/j\u00fcri\u00f6\u00f6m\u00e4rgutuled.ee\/?page_id=1428\" title=\"\" data-vce-do-apply=\"padding border background  el-ff8c6009\"><span class=\"vce-button--style-outline-text\">2022<\/span><\/a><\/span><\/div><\/div><\/div><\/div><div class=\"vce-col vce-col--md-auto vce-col--xs-1 vce-col--xs-last vce-col--xs-first vce-col--sm-last vce-col--sm-first\" id=\"el-1b291290\"><div class=\"vce-col-inner\" data-vce-do-apply=\"border margin background  el-1b291290\"><div class=\"vce-col-content\" data-vce-element-content=\"true\" data-vce-do-apply=\"padding el-1b291290\"><div class=\"vce-button--style-outline-container vce-button--style-outline-container--align-center\"><span class=\"vce-button--style-outline-wrapper vce\" id=\"el-55ed9623\" data-vce-do-apply=\"margin el-55ed9623\"><a class=\"vce-button vce-button--style-outline-animated vce-button--style-outline--border-rounded vce-button--style-outline--size-large vce-button--style-outline-animated--color-e3e3e3--fff--3d3d3d vce-button--style-outline-animated--border-color-e3e3e3--3d3d3d vce-button--style-outline-animated--background-color-3d3d3d\" href=\"https:\/\/xn--jrimrgutuled-jcb4wa6g.ee\/?page_id=1209\" title=\"\" data-vce-do-apply=\"padding border background  el-55ed9623\"><span class=\"vce-button--style-outline-text\">2021<\/span><\/a><\/span><\/div><\/div><\/div><\/div><div class=\"vce-col vce-col--md-auto vce-col--xs-1 vce-col--xs-last vce-col--xs-first vce-col--sm-last vce-col--sm-first\" id=\"el-4de82ca9\"><div class=\"vce-col-inner\" data-vce-do-apply=\"border margin background  el-4de82ca9\"><div class=\"vce-col-content\" data-vce-element-content=\"true\" data-vce-do-apply=\"padding el-4de82ca9\"><div class=\"vce-button--style-outline-container vce-button--style-outline-container--align-center\"><span class=\"vce-button--style-outline-wrapper vce\" id=\"el-fe5a4f15\" data-vce-do-apply=\"margin el-fe5a4f15\"><a class=\"vce-button vce-button--style-outline-animated vce-button--style-outline--border-rounded vce-button--style-outline--size-large vce-button--style-outline-animated--color-e3e3e3--fff--3d3d3d vce-button--style-outline-animated--border-color-e3e3e3--3d3d3d vce-button--style-outline-animated--background-color-3d3d3d\" href=\"https:\/\/xn--jrimrgutuled-jcb4wa6g.ee\/?page_id=859\" title=\"\" data-vce-do-apply=\"padding border background  el-fe5a4f15\"><span class=\"vce-button--style-outline-text\">2020<\/span><\/a><\/span><\/div><\/div><\/div><\/div><div class=\"vce-col vce-col--md-auto vce-col--xs-1 vce-col--xs-last vce-col--xs-first vce-col--sm-last vce-col--sm-first vce-col--md-last vce-col--lg-last vce-col--xl-last\" id=\"el-286926c0\"><div class=\"vce-col-inner\" data-vce-do-apply=\"border margin background  el-286926c0\"><div class=\"vce-col-content\" data-vce-element-content=\"true\" data-vce-do-apply=\"padding el-286926c0\"><div class=\"vce-button--style-outline-container vce-button--style-outline-container--align-center\"><span class=\"vce-button--style-outline-wrapper vce\" id=\"el-37a071ec\" data-vce-do-apply=\"margin el-37a071ec\"><a class=\"vce-button vce-button--style-outline-animated vce-button--style-outline--border-rounded vce-button--style-outline--size-large vce-button--style-outline-animated--color-e3e3e3--fff--3d3d3d vce-button--style-outline-animated--border-color-e3e3e3--3d3d3d vce-button--style-outline-animated--background-color-3d3d3d\" href=\"https:\/\/j\u00fcri\u00f6\u00f6m\u00e4rgutuled.ee\/?page_id=63\" title=\"\" data-vce-do-apply=\"padding border background  el-37a071ec\"><span class=\"vce-button--style-outline-text\">2019<\/span><\/a><\/span><\/div><\/div><\/div><\/div><\/div><\/div><\/div>\n","protected":false},"excerpt":{"rendered":"<p>2022202120202019<\/p>\n","protected":false},"author":3,"featured_media":0,"parent":0,"menu_order":0,"comment_status":"closed","ping_status":"closed","template":"","meta":{"footnotes":""},"class_list":["post-1407","page","type-page","status-publish","hentry","nodate","item-wrap"],"_links":{"self":[{"href":"https:\/\/j\u00fcri\u00f6\u00f6m\u00e4rgutuled.ee\/index.php?rest_route=\/wp\/v2\/pages\/1407","targetHints":{"allow":["GET"]}}],"collection":[{"href":"https:\/\/j\u00fcri\u00f6\u00f6m\u00e4rgutuled.ee\/index.php?rest_route=\/wp\/v2\/pages"}],"about":[{"href":"https:\/\/j\u00fcri\u00f6\u00f6m\u00e4rgutuled.ee\/index.php?rest_route=\/wp\/v2\/types\/page"}],"author":[{"embeddable":true,"href":"https:\/\/j\u00fcri\u00f6\u00f6m\u00e4rgutuled.ee\/index.php?rest_route=\/wp\/v2\/users\/3"}],"replies":[{"embeddable":true,"href":"https:\/\/j\u00fcri\u00f6\u00f6m\u00e4rgutuled.ee\/index.php?rest_route=%2Fwp%2Fv2%2Fcomments&post=1407"}],"version-history":[{"count":7,"href":"https:\/\/j\u00fcri\u00f6\u00f6m\u00e4rgutuled.ee\/index.php?rest_route=\/wp\/v2\/pages\/1407\/revisions"}],"predecessor-version":[{"id":1430,"href":"https:\/\/j\u00fcri\u00f6\u00f6m\u00e4rgutuled.ee\/index.php?rest_route=\/wp\/v2\/pages\/1407\/revisions\/1430"}],"wp:attachment":[{"href":"https:\/\/j\u00fcri\u00f6\u00f6m\u00e4rgutuled.ee\/index.php?rest_route=%2Fwp%2Fv2%2Fmedia&parent=1407"}],"curies":[{"name":"wp","href":"https:\/\/api.w.org\/{rel}","templated":true}]}}