{"id":1428,"date":"2023-04-05T17:56:11","date_gmt":"2023-04-05T15:56:11","guid":{"rendered":"https:\/\/j\u00fcri\u00f6\u00f6m\u00e4rgutuled.ee\/?page_id=1428"},"modified":"2024-04-08T15:44:43","modified_gmt":"2024-04-08T13:44:43","slug":"jurioo-margutuled-2022","status":"publish","type":"page","link":"https:\/\/j\u00fcri\u00f6\u00f6m\u00e4rgutuled.ee\/?page_id=1428","title":{"rendered":"J\u00fcri\u00f6\u00f6 m\u00e4rgutuled 2022"},"content":{"rendered":"<div class=\"vce-row-container\" data-vce-boxed-width=\"true\"><div class=\"vce-row vce-row--col-gap-30 vce-row-content--top\" id=\"el-a35f206e\" data-vce-do-apply=\"all el-a35f206e\"><div class=\"vce-row-content\" data-vce-element-content=\"true\"><div class=\"vce-col vce-col--md-auto vce-col--xs-1 vce-col--xs-last vce-col--xs-first vce-col--sm-last vce-col--sm-first vce-col--md-last vce-col--lg-last vce-col--xl-last vce-col--md-first vce-col--lg-first vce-col--xl-first\" id=\"el-84feddac\"><div class=\"vce-col-inner\" data-vce-do-apply=\"border margin background  el-84feddac\" vce-box-shadow=\"el-84feddac\"><div class=\"vce-content-background-container\"><\/div><div class=\"vce-col-content\" data-vce-element-content=\"true\" data-vce-do-apply=\"padding el-84feddac\"><div class=\"vce-row-container\" data-vce-boxed-width=\"true\"><div class=\"vce-row vce-row--has-col-background vce-row--col-gap-30 vce-row-equal-height vce-row-content--top\" id=\"el-b6ecf48d\" data-vce-do-apply=\"all el-b6ecf48d\"><div class=\"vce-row-content\" data-vce-element-content=\"true\"><div class=\"vce-col vce-element--has-background vce-col--md-auto vce-col--xs-1 vce-col--xs-last vce-col--xs-first vce-col--sm-last vce-col--sm-first vce-col--md-last vce-col--lg-last vce-col--xl-last vce-col--md-first vce-col--lg-first vce-col--xl-first\" id=\"el-5ea35096\"><div class=\"vce-col-inner\" data-vce-do-apply=\"border margin background  el-5ea35096\"><div class=\"vce-content-background-container\"><div class=\"vce-asset-parallax-container vce-visible-all-only\" data-vce-assets-parallax-mouse-move=\".vce-asset-parallax\" data-vce-assets-parallax-mouse-move-element=\"5ea35096\" data-vce-assets-parallax-speed=\"2\" data-vce-assets-parallax-reverse=\"false\"><div class=\"vce-asset-parallax vce-asset-parallax-mouse-move\" style=\"inset: -2vh -2vw; transform: translate(24px, -13.16px);\"><div class=\"vce-asset-background-simple-container vce-visible-all-only vce-asset-background-simple--style-full-width vce-asset-background-simple--position-center-top\"><div class=\"vce-asset-background-simple\"><div class=\"vce-asset-background-simple-item\" style=\"background-image: url('https:\/\/j\u00fcri\u00f6\u00f6m\u00e4rgutuled.ee\/wp-content\/uploads\/2020\/03\/taust.jpg');\"><\/div><\/div><\/div><\/div><\/div><\/div><div class=\"vce-col-content\" data-vce-element-content=\"true\" data-vce-do-apply=\"padding el-5ea35096\"><div class=\"vce-text-block\"><div class=\"vce-text-block-wrapper vce\" id=\"el-42fbbfb2\" data-vce-do-apply=\"all el-42fbbfb2\"><p><span style=\"font-family: Luckiest Guy; font-size: 42pt; color: #ffffff;\">kaart &nbsp;&nbsp;&nbsp;&nbsp; <span style=\"color: #ff0000; font-size: 18pt;\">j\u00fcri\u00f6\u00f6 m\u00e4rgutuled<\/span><br><\/span><\/p><\/div><\/div><div class=\"vce-row-container\" data-vce-boxed-width=\"true\"><div class=\"vce-row vce-row--col-gap-30 vce-row-equal-height vce-row-content--top\" id=\"el-b91640e9\" data-vce-do-apply=\"all el-b91640e9\"><div class=\"vce-row-content\" data-vce-element-content=\"true\"><div class=\"vce-col vce-col--md-auto vce-col--xs-1 vce-col--xs-last vce-col--xs-first vce-col--sm-last vce-col--sm-first vce-col--md-last vce-col--lg-last vce-col--xl-last vce-col--md-first vce-col--lg-first vce-col--xl-first\" id=\"el-447ca70e\"><div class=\"vce-col-inner\" data-vce-do-apply=\"border margin background  el-447ca70e\"><div class=\"vce-col-content\" data-vce-element-content=\"true\" data-vce-do-apply=\"padding el-447ca70e\"><div class=\"vce-shortcode\"><div class=\"vce-shortcode-wrapper vce\" id=\"el-3856b23e\" data-vce-do-apply=\"all el-3856b23e\"><iframe loading=\"lazy\" src=\"https:\/\/navicup.com\/embed\/jurioo-margutuled-2022\/ee\/\" style=\"border:none\" width=\"100%\" height=\"600\"><\/iframe><\/div><\/div><\/div><\/div><\/div><\/div><\/div><\/div><\/div><\/div><\/div><\/div><\/div><\/div><\/div><\/div><\/div><\/div><\/div><\/div><div class=\"vce-row-container\" data-vce-boxed-width=\"true\"><div class=\"vce-row vce-row--col-gap-30 vce-row-equal-height vce-row-content--top\" id=\"el-6a07bed9\" data-vce-do-apply=\"all el-6a07bed9\"><div class=\"vce-row-content\" data-vce-element-content=\"true\"><div class=\"vce-col vce-col--md-auto vce-col--xs-1 vce-col--xs-last vce-col--xs-first vce-col--sm-last vce-col--sm-first vce-col--md-last vce-col--lg-last vce-col--xl-last vce-col--md-first vce-col--lg-first vce-col--xl-first\" id=\"el-40b7870e\"><div class=\"vce-col-inner\" data-vce-do-apply=\"border margin background  el-40b7870e\"><div class=\"vce-col-content\" data-vce-element-content=\"true\" data-vce-do-apply=\"padding el-40b7870e\"><div class=\"vce-shortcode\"><div class=\"vce-shortcode-wrapper vce\" id=\"el-7db6eb06\" data-vce-do-apply=\"all el-7db6eb06\"><div style=\"position: relative; padding-bottom: 56.25%; height: 0; overflow: hidden;\"><iframe class=\"noTransform\" style=\"position: absolute; top: 0; left: 0; width: 100%; height: 100%;\" src=\"https:\/\/video.saundland.ee\/play?v=jurioo22\" frameborder=\"0\" scrolling=\"no\" allowfullscreen=\"allowfullscreen\"><\/iframe><\/div><\/div><\/div><\/div><\/div><\/div><\/div><\/div><\/div><div class=\"vce-row-container\" data-vce-boxed-width=\"true\"><div class=\"vce-row vce-row--col-gap-30 vce-row-equal-height vce-row-content--top\" id=\"el-d61b7a10\" data-vce-do-apply=\"all el-d61b7a10\"><div class=\"vce-row-content\" data-vce-element-content=\"true\"><div class=\"vce-col vce-col--md-auto vce-col--xs-1 vce-col--xs-last vce-col--xs-first vce-col--sm-last vce-col--sm-first vce-col--md-last vce-col--lg-last vce-col--xl-last vce-col--md-first vce-col--lg-first vce-col--xl-first\" id=\"el-690fbc1e\"><div class=\"vce-col-inner\" data-vce-do-apply=\"border margin background  el-690fbc1e\"><div class=\"vce-col-content\" data-vce-element-content=\"true\" data-vce-do-apply=\"padding el-690fbc1e\"><div><\/div><\/div><\/div><\/div><\/div><\/div><\/div>","protected":false},"excerpt":{"rendered":"<p>kaart &nbsp;&nbsp;&nbsp;&nbsp; j\u00fcri\u00f6\u00f6 m\u00e4rgutuled<\/p>\n","protected":false},"author":3,"featured_media":0,"parent":0,"menu_order":0,"comment_status":"closed","ping_status":"closed","template":"","meta":{"footnotes":""},"class_list":["post-1428","page","type-page","status-publish","hentry","nodate","item-wrap"],"_links":{"self":[{"href":"https:\/\/j\u00fcri\u00f6\u00f6m\u00e4rgutuled.ee\/index.php?rest_route=\/wp\/v2\/pages\/1428","targetHints":{"allow":["GET"]}}],"collection":[{"href":"https:\/\/j\u00fcri\u00f6\u00f6m\u00e4rgutuled.ee\/index.php?rest_route=\/wp\/v2\/pages"}],"about":[{"href":"https:\/\/j\u00fcri\u00f6\u00f6m\u00e4rgutuled.ee\/index.php?rest_route=\/wp\/v2\/types\/page"}],"author":[{"embeddable":true,"href":"https:\/\/j\u00fcri\u00f6\u00f6m\u00e4rgutuled.ee\/index.php?rest_route=\/wp\/v2\/users\/3"}],"replies":[{"embeddable":true,"href":"https:\/\/j\u00fcri\u00f6\u00f6m\u00e4rgutuled.ee\/index.php?rest_route=%2Fwp%2Fv2%2Fcomments&post=1428"}],"version-history":[{"count":4,"href":"https:\/\/j\u00fcri\u00f6\u00f6m\u00e4rgutuled.ee\/index.php?rest_route=\/wp\/v2\/pages\/1428\/revisions"}],"predecessor-version":[{"id":1444,"href":"https:\/\/j\u00fcri\u00f6\u00f6m\u00e4rgutuled.ee\/index.php?rest_route=\/wp\/v2\/pages\/1428\/revisions\/1444"}],"wp:attachment":[{"href":"https:\/\/j\u00fcri\u00f6\u00f6m\u00e4rgutuled.ee\/index.php?rest_route=%2Fwp%2Fv2%2Fmedia&parent=1428"}],"curies":[{"name":"wp","href":"https:\/\/api.w.org\/{rel}","templated":true}]}}