{"id":599,"date":"2019-04-19T15:49:38","date_gmt":"2019-04-19T13:49:38","guid":{"rendered":"https:\/\/j\u00fcri\u00f6\u00f6m\u00e4rgutuled.ee\/?page_id=599"},"modified":"2020-04-12T19:11:59","modified_gmt":"2020-04-12T17:11:59","slug":"tuleohutus","status":"publish","type":"page","link":"https:\/\/j\u00fcri\u00f6\u00f6m\u00e4rgutuled.ee\/?page_id=599","title":{"rendered":"TULEOHUTUS"},"content":{"rendered":"<div class=\"vce-row-container\"><div class=\"vce-row vce-row--col-gap-30 vce-row-columns--top vce-row-content--top\" id=\"el-2c1de1a3\" data-vce-do-apply=\"all el-2c1de1a3\"><div class=\"vce-row-content\" data-vce-element-content=\"true\"><div class=\"vce-col vce-col--md-auto vce-col--xs-1 vce-col--xs-last vce-col--xs-first vce-col--sm-last vce-col--sm-first vce-col--md-last vce-col--lg-last vce-col--xl-last vce-col--md-first vce-col--lg-first vce-col--xl-first\" id=\"el-dae8b755\"><div class=\"vce-col-inner\" data-vce-do-apply=\"border margin background  el-dae8b755\"><div class=\"vce-col-content\" data-vce-element-content=\"true\" data-vce-do-apply=\"padding el-dae8b755\"><div class=\"vce-text-block\"><div class=\"vce-text-block-wrapper vce\" id=\"el-eedc31a5\" data-vce-do-apply=\"all el-eedc31a5\"><h2><span style=\"font-size: 16px;\"><a href=\"https:\/\/www.rescue.ee\/et\/uudised\/homsest-algab-eestis-tuleohtlik-aeg-250\">P\u00e4\u00e4steameti kodulehel<\/a><\/span><span style=\"font-size: 16px;\">&nbsp;on v\u00e4lja toodud l\u00f5kketegemise meelespea:&nbsp;<\/span><\/h2>\n<div class=\"entry-content clearfix\">\n<div class=\"vce-row-container\" style=\"width: 1233.33px;\">\n<div id=\"el-a4259279\" class=\"vce-row vce-row--col-gap-30 vce-row-columns--top vce-row-content--top\" data-vce-do-apply=\"all el-a4259279\">\n<div class=\"vce-row-content\" data-vce-element-content=\"true\">\n<div id=\"el-b0b522c4\" class=\"vce-col vce-col--md-auto vce-col--xs-1 vce-col--xs-last vce-col--xs-first vce-col--sm-last vce-col--sm-first vce-col--md-last vce-col--lg-last vce-col--xl-last vce-col--md-first vce-col--lg-first vce-col--xl-first\">\n<div class=\"vce-col-inner\" style=\"width: 1233.33px;\" data-vce-do-apply=\"border margin background  el-b0b522c4\">\n<div class=\"vce-col-content\" data-vce-element-content=\"true\" data-vce-do-apply=\"padding el-b0b522c4\">\n<div class=\"vce-text-block\">\n<div id=\"el-1a104972\" class=\"vce-text-block-wrapper vce\" data-vce-do-apply=\"all el-1a104972\">\n<ul>\n<li>L\u00f5kke tegemisel veendu, et l\u00f5kkekoht on p\u00f5levast materjalist puhastatud, hoonetest piisaval kaugusel ja tule tegemisega ei kaasne tuleohtu loodusele.<\/li>\n<li>L\u00f5ket tee vaid vaikse tuulega ja tuleohu v\u00e4ltimiseks j\u00e4lgi tule tegemisel v\u00f5i grillimisel tuule suunda, et s\u00e4demed ei lendaks hoonele, metsale, v\u00f5i muule p\u00f5levmaterjalile<\/li>\n<li>Koduaia l\u00f5kkes tohib p\u00f5letada vaid puhast (immutamata) puitu ning pappi ja paberit<\/li>\n<li>Tuleohtlikul ajal peab l\u00f5ke olema metsast v\u00e4hemalt 20 meetri kaugusel<\/li>\n<li>Alla 1 meetrise l\u00e4bim\u00f5\u00f5duga l\u00f5ke peab olema v\u00e4hemalt 8 meetri kaugusel mistahes hoonest v\u00f5i p\u00f5levmaterjali hoiukohast (puukuurist vmt)<\/li>\n<li>Suurem kui 1 meetrise l\u00e4bim\u00f5\u00f5duga l\u00f5ke peab asuma mistahes hoonest v\u00f5i p\u00f5levamaterjali hoiukohast 15 meetri kaugusel<\/li>\n<li>L\u00f5kke tegemisel hoia k\u00e4ep\u00e4rast tulekustutusvahend (n\u00e4iteks \u00e4mber veega, tulekustuti vm)<\/li>\n<li>Enne l\u00f5kkekohast lahkumist veendu, et l\u00f5ke oleks t\u00e4ielikult kustunud.<\/li>\n<\/ul>\n<h4>Tuleohtlikul ajal tuleb tule tegemisel olla tavap\u00e4rasest ettevaatlikum!<\/h4>\n<\/div>\n<\/div>\n<\/div>\n<\/div>\n<\/div>\n<\/div>\n<\/div>\n<\/div>\n<\/div><\/div><\/div><\/div><\/div><\/div><\/div><\/div><\/div><div class=\"vce-row-container\"><div class=\"vce-row vce-row--col-gap-30 vce-row-columns--top vce-row-content--top\" id=\"el-d6fe02ed\" data-vce-do-apply=\"all el-d6fe02ed\"><div class=\"vce-row-content\" data-vce-element-content=\"true\"><div class=\"vce-col vce-col--md-auto vce-col--xs-1 vce-col--xs-last vce-col--xs-first vce-col--sm-last vce-col--sm-first vce-col--md-last vce-col--lg-last vce-col--xl-last vce-col--md-first vce-col--lg-first vce-col--xl-first\" id=\"el-6264163d\"><div class=\"vce-col-inner\" data-vce-do-apply=\"border margin background  el-6264163d\"><div class=\"vce-col-content\" data-vce-element-content=\"true\" data-vce-do-apply=\"padding el-6264163d\"><div class=\"vce-single-image-container vce-single-image--align-left\"><div class=\"vce vce-single-image-wrapper\" id=\"el-174101f0\" data-vce-do-apply=\"all el-174101f0\"><figure><div class=\"vce-single-image-inner vce-single-image--absolute\" style=\"padding-bottom: 70.1613%; width: 1240px;\"><img decoding=\"async\" class=\"vce-single-image\" src=\"https:\/\/j\u00fcri\u00f6\u00f6m\u00e4rgutuled.ee\/wp-content\/uploads\/2020\/04\/Tuleohutus-\u00f5ues.jpg\" data-img-src=\"https:\/\/j\u00fcri\u00f6\u00f6m\u00e4rgutuled.ee\/wp-content\/uploads\/2020\/04\/Tuleohutus-\u00f5ues.jpg\" alt=\"\" title=\"Tuleohutus-\u00f5ues\"><\/div><figcaption><\/figcaption><\/figure><\/div><\/div><\/div><\/div><\/div><\/div><\/div><\/div>\n","protected":false},"excerpt":{"rendered":"<p>P\u00e4\u00e4steameti kodulehel&nbsp;on v\u00e4lja toodud l\u00f5kketegemise meelespea:&nbsp; L\u00f5kke tegemisel veendu, et l\u00f5kkekoht on p\u00f5levast materjalist puhastatud, hoonetest piisaval kaugusel ja tule tegemisega ei kaasne tuleohtu loodusele. L\u00f5ket tee vaid vaikse tuulega ja tuleohu v\u00e4ltimiseks j\u00e4lgi tule tegemisel v\u00f5i grillimisel tuule suunda, et s\u00e4demed ei lendaks hoonele, metsale, v\u00f5i muule p\u00f5levmaterjalile Koduaia l\u00f5kkes tohib p\u00f5letada vaid puhast &hellip; <\/p>\n<p><a class=\"more-link btn\" href=\"https:\/\/j\u00fcri\u00f6\u00f6m\u00e4rgutuled.ee\/?page_id=599\">J\u00e4tka lugemist<\/a><\/p>\n","protected":false},"author":3,"featured_media":0,"parent":0,"menu_order":0,"comment_status":"closed","ping_status":"closed","template":"","meta":{"footnotes":""},"class_list":["post-599","page","type-page","status-publish","hentry","nodate","item-wrap"],"_links":{"self":[{"href":"https:\/\/j\u00fcri\u00f6\u00f6m\u00e4rgutuled.ee\/index.php?rest_route=\/wp\/v2\/pages\/599","targetHints":{"allow":["GET"]}}],"collection":[{"href":"https:\/\/j\u00fcri\u00f6\u00f6m\u00e4rgutuled.ee\/index.php?rest_route=\/wp\/v2\/pages"}],"about":[{"href":"https:\/\/j\u00fcri\u00f6\u00f6m\u00e4rgutuled.ee\/index.php?rest_route=\/wp\/v2\/types\/page"}],"author":[{"embeddable":true,"href":"https:\/\/j\u00fcri\u00f6\u00f6m\u00e4rgutuled.ee\/index.php?rest_route=\/wp\/v2\/users\/3"}],"replies":[{"embeddable":true,"href":"https:\/\/j\u00fcri\u00f6\u00f6m\u00e4rgutuled.ee\/index.php?rest_route=%2Fwp%2Fv2%2Fcomments&post=599"}],"version-history":[{"count":7,"href":"https:\/\/j\u00fcri\u00f6\u00f6m\u00e4rgutuled.ee\/index.php?rest_route=\/wp\/v2\/pages\/599\/revisions"}],"predecessor-version":[{"id":966,"href":"https:\/\/j\u00fcri\u00f6\u00f6m\u00e4rgutuled.ee\/index.php?rest_route=\/wp\/v2\/pages\/599\/revisions\/966"}],"wp:attachment":[{"href":"https:\/\/j\u00fcri\u00f6\u00f6m\u00e4rgutuled.ee\/index.php?rest_route=%2Fwp%2Fv2%2Fmedia&parent=599"}],"curies":[{"name":"wp","href":"https:\/\/api.w.org\/{rel}","templated":true}]}}