{"id":859,"date":"2020-03-26T19:48:11","date_gmt":"2020-03-26T17:48:11","guid":{"rendered":"https:\/\/j\u00fcri\u00f6\u00f6m\u00e4rgutuled.ee\/?page_id=859"},"modified":"2023-04-05T18:00:20","modified_gmt":"2023-04-05T16:00:20","slug":"lokkekaart","status":"publish","type":"page","link":"https:\/\/j\u00fcri\u00f6\u00f6m\u00e4rgutuled.ee\/?page_id=859","title":{"rendered":"J\u00fcri\u00f6\u00f6 M\u00e4rgutuled 2020"},"content":{"rendered":"<div class=\"vce-row-container\" data-vce-boxed-width=\"true\"><div class=\"vce-row vce-row--col-gap-30 vce-row-equal-height vce-row-content--top\" id=\"el-c80a0ae5\" data-vce-do-apply=\"all el-c80a0ae5\"><div class=\"vce-row-content\" data-vce-element-content=\"true\"><div class=\"vce-col vce-col--md-auto vce-col--xs-1 vce-col--xs-last vce-col--xs-first vce-col--sm-last vce-col--sm-first vce-col--md-last vce-col--lg-last vce-col--xl-last vce-col--md-first vce-col--lg-first vce-col--xl-first\" id=\"el-f8faa687\"><div class=\"vce-col-inner\" data-vce-do-apply=\"border margin background  el-f8faa687\"><div class=\"vce-col-content\" data-vce-element-content=\"true\" data-vce-do-apply=\"padding el-f8faa687\"><div class=\"vce-row-container\" data-vce-boxed-width=\"true\"><div class=\"vce-row vce-row--col-gap-30 vce-row-content--top\" id=\"el-7e139b01\" data-vce-do-apply=\"all el-7e139b01\"><div class=\"vce-row-content\" data-vce-element-content=\"true\"><div class=\"vce-col vce-col--md-auto vce-col--xs-1 vce-col--xs-last vce-col--xs-first vce-col--sm-last vce-col--sm-first vce-col--md-last vce-col--lg-last vce-col--xl-last vce-col--md-first vce-col--lg-first vce-col--xl-first\" id=\"el-ba14ff9e\"><div class=\"vce-col-inner\" data-vce-do-apply=\"border margin background  el-ba14ff9e\"><div class=\"vce-col-content\" data-vce-element-content=\"true\" data-vce-do-apply=\"padding el-ba14ff9e\"><div class=\"vce-raw-html\"><div class=\"vce-raw-html-wrapper\" id=\"el-9862c7ab\" data-vce-do-apply=\"all el-9862c7ab\"><iframe loading=\"lazy\" src=\"https:\/\/navicup.com\/embed\/jurioo-margutuled2020\/ee\/\" style=\"border:none;\" width=\"100%\" height=\"600\"><\/iframe>\n<\/div><\/div><\/div><\/div><\/div><\/div><\/div><\/div><\/div><\/div><\/div><\/div><\/div><\/div><div class=\"vce-row-container\" data-vce-boxed-width=\"true\"><div class=\"vce-row vce-row--col-gap-30 vce-row-equal-height vce-row-content--top\" id=\"el-6706c16e\" data-vce-do-apply=\"all el-6706c16e\"><div class=\"vce-row-content\" data-vce-element-content=\"true\"><div class=\"vce-col vce-col--md-auto vce-col--xs-1 vce-col--xs-last vce-col--xs-first vce-col--sm-last vce-col--sm-first vce-col--md-last vce-col--lg-last vce-col--xl-last vce-col--md-first vce-col--lg-first vce-col--xl-first\" id=\"el-402d5d88\"><div class=\"vce-col-inner\" data-vce-do-apply=\"border margin background  el-402d5d88\"><div class=\"vce-col-content\" data-vce-element-content=\"true\" data-vce-do-apply=\"padding el-402d5d88\"><div><\/div><\/div><\/div><\/div><\/div><\/div><\/div><div class=\"vce-row-container\" data-vce-boxed-width=\"true\"><div class=\"vce-row vce-row--col-gap-30 vce-row-equal-height vce-row-content--top\" id=\"el-439d9e3c\" data-vce-do-apply=\"all el-439d9e3c\"><div class=\"vce-row-content\" data-vce-element-content=\"true\"><div class=\"vce-col vce-col--md-27p vce-col--xs-1 vce-col--xs-last vce-col--xs-first vce-col--sm-last vce-col--sm-first vce-col--md-first vce-col--lg-first vce-col--xl-first\" id=\"el-63f20bbc\"><div class=\"vce-col-inner\" data-vce-do-apply=\"border margin background  el-63f20bbc\"><div class=\"vce-col-content\" data-vce-element-content=\"true\" data-vce-do-apply=\"padding el-63f20bbc\"><div><\/div><\/div><\/div><\/div><div class=\"vce-col vce-col--md-46p vce-col--xs-1 vce-col--xs-last vce-col--xs-first vce-col--sm-last vce-col--sm-first\" id=\"el-93dcfe8f\"><div class=\"vce-col-inner\" data-vce-do-apply=\"border margin background  el-93dcfe8f\"><div class=\"vce-col-content\" data-vce-element-content=\"true\" data-vce-do-apply=\"padding el-93dcfe8f\"><div class=\"vce-shortcode\"><div class=\"vce-shortcode-wrapper vce\" id=\"el-de79e4c7\" data-vce-do-apply=\"all el-de79e4c7\"><iframe loading=\"lazy\" width=\"561\" height=\"315\" src=\"https:\/\/www.youtube.com\/embed\/_dezRvB-Pg0\" frameborder=\"0\" allow=\"accelerometer; autoplay; encrypted-media; gyroscope; picture-in-picture\" allowfullscreen=\"\"><\/iframe><\/div><\/div><\/div><\/div><\/div><div class=\"vce-col vce-col--md-27p vce-col--xs-1 vce-col--xs-last vce-col--xs-first vce-col--sm-last vce-col--sm-first vce-col--md-last vce-col--lg-last vce-col--xl-last\" id=\"el-68ab6e48\"><div class=\"vce-col-inner\" data-vce-do-apply=\"border margin background  el-68ab6e48\"><div class=\"vce-col-content\" data-vce-element-content=\"true\" data-vce-do-apply=\"padding el-68ab6e48\"><div><\/div><\/div><\/div><\/div><\/div><\/div><\/div><div class=\"vce-row-container\" data-vce-boxed-width=\"true\"><div class=\"vce-row vce-row--col-gap-30 vce-row-equal-height vce-row-content--top\" id=\"el-9852e607\" data-vce-do-apply=\"all el-9852e607\"><div class=\"vce-row-content\" data-vce-element-content=\"true\"><div class=\"vce-col vce-col--md-auto vce-col--xs-1 vce-col--xs-last vce-col--xs-first vce-col--sm-last vce-col--sm-first vce-col--md-last vce-col--lg-last vce-col--xl-last vce-col--md-first vce-col--lg-first vce-col--xl-first\" id=\"el-f4f7f9b8\"><div class=\"vce-col-inner\" data-vce-do-apply=\"border margin background  el-f4f7f9b8\"><div class=\"vce-col-content\" data-vce-element-content=\"true\" data-vce-do-apply=\"padding el-f4f7f9b8\"><div><\/div><\/div><\/div><\/div><\/div><\/div><\/div><div class=\"vce-row-container\" data-vce-boxed-width=\"true\"><div class=\"vce-row vce-row--col-gap-30 vce-row-equal-height vce-row-content--top\" id=\"el-31b2c30f\" data-vce-do-apply=\"all el-31b2c30f\"><div class=\"vce-row-content\" data-vce-element-content=\"true\"><div class=\"vce-col vce-col--md-auto vce-col--xs-1 vce-col--xs-last vce-col--xs-first vce-col--sm-last vce-col--sm-first vce-col--md-last vce-col--lg-last vce-col--xl-last vce-col--md-first vce-col--lg-first vce-col--xl-first\" id=\"el-1d284e1a\"><div class=\"vce-col-inner\" data-vce-do-apply=\"border margin background  el-1d284e1a\"><div class=\"vce-col-content\" data-vce-element-content=\"true\" data-vce-do-apply=\"padding el-1d284e1a\"><div><\/div><\/div><\/div><\/div><\/div><\/div><\/div>","protected":false},"excerpt":{"rendered":"","protected":false},"author":3,"featured_media":0,"parent":0,"menu_order":0,"comment_status":"closed","ping_status":"closed","template":"","meta":{"footnotes":""},"class_list":["post-859","page","type-page","status-publish","hentry","nodate","item-wrap"],"_links":{"self":[{"href":"https:\/\/j\u00fcri\u00f6\u00f6m\u00e4rgutuled.ee\/index.php?rest_route=\/wp\/v2\/pages\/859","targetHints":{"allow":["GET"]}}],"collection":[{"href":"https:\/\/j\u00fcri\u00f6\u00f6m\u00e4rgutuled.ee\/index.php?rest_route=\/wp\/v2\/pages"}],"about":[{"href":"https:\/\/j\u00fcri\u00f6\u00f6m\u00e4rgutuled.ee\/index.php?rest_route=\/wp\/v2\/types\/page"}],"author":[{"embeddable":true,"href":"https:\/\/j\u00fcri\u00f6\u00f6m\u00e4rgutuled.ee\/index.php?rest_route=\/wp\/v2\/users\/3"}],"replies":[{"embeddable":true,"href":"https:\/\/j\u00fcri\u00f6\u00f6m\u00e4rgutuled.ee\/index.php?rest_route=%2Fwp%2Fv2%2Fcomments&post=859"}],"version-history":[{"count":17,"href":"https:\/\/j\u00fcri\u00f6\u00f6m\u00e4rgutuled.ee\/index.php?rest_route=\/wp\/v2\/pages\/859\/revisions"}],"predecessor-version":[{"id":1432,"href":"https:\/\/j\u00fcri\u00f6\u00f6m\u00e4rgutuled.ee\/index.php?rest_route=\/wp\/v2\/pages\/859\/revisions\/1432"}],"wp:attachment":[{"href":"https:\/\/j\u00fcri\u00f6\u00f6m\u00e4rgutuled.ee\/index.php?rest_route=%2Fwp%2Fv2%2Fmedia&parent=859"}],"curies":[{"name":"wp","href":"https:\/\/api.w.org\/{rel}","templated":true}]}}