{"id":931,"date":"2020-04-02T16:03:08","date_gmt":"2020-04-02T14:03:08","guid":{"rendered":"https:\/\/j\u00fcri\u00f6\u00f6m\u00e4rgutuled.ee\/?page_id=931"},"modified":"2021-02-10T15:13:36","modified_gmt":"2021-02-10T13:13:36","slug":"galerii-2","status":"publish","type":"page","link":"https:\/\/j\u00fcri\u00f6\u00f6m\u00e4rgutuled.ee\/?page_id=931","title":{"rendered":"Galerii"},"content":{"rendered":"<div class=\"vce-row-container\" data-vce-boxed-width=\"true\"><div class=\"vce-row vce-row--col-gap-30 vce-row-columns--top vce-row-content--top\" id=\"el-2ad4013f\" data-vce-do-apply=\"all el-2ad4013f\"><div class=\"vce-row-content\" data-vce-element-content=\"true\"><div class=\"vce-col vce-col--md-auto vce-col--xs-1 vce-col--xs-last vce-col--xs-first vce-col--sm-last vce-col--sm-first vce-col--md-last vce-col--lg-last vce-col--xl-last vce-col--md-first vce-col--lg-first vce-col--xl-first\" id=\"el-fd443a3e\"><div class=\"vce-col-inner\" data-vce-do-apply=\"border margin background  el-fd443a3e\"><div class=\"vce-col-content\" data-vce-element-content=\"true\" data-vce-do-apply=\"padding el-fd443a3e\"><div class=\"vce-image-masonry-gallery\"><div class=\"vce-image-masonry-gallery-wrapper vce vce-image-masonry-gallery--gap-10 vce-image-masonry-gallery--columns-3\" id=\"el-70174027\" data-vce-do-apply=\"all el-70174027\"><div class=\"vce-image-masonry-gallery-list\"><div class=\"vce-image-masonry-gallery-column\"><a href=\"https:\/\/j\u00fcri\u00f6\u00f6m\u00e4rgutuled.ee\/wp-content\/uploads\/2020\/02\/messenger.jpg\" data-lightbox=\"lightbox-70174027\" class=\"vce-image-masonry-gallery-item\"><img decoding=\"async\" class=\"vce-image-masonry-gallery-img\" src=\"https:\/\/j\u00fcri\u00f6\u00f6m\u00e4rgutuled.ee\/wp-content\/uploads\/2020\/02\/messenger.jpg\" alt=\"\"><\/a><a href=\"https:\/\/j\u00fcri\u00f6\u00f6m\u00e4rgutuled.ee\/wp-content\/uploads\/2020\/02\/IMGP9299-scaled.jpg\" data-lightbox=\"lightbox-70174027\" class=\"vce-image-masonry-gallery-item\"><img decoding=\"async\" class=\"vce-image-masonry-gallery-img\" src=\"https:\/\/j\u00fcri\u00f6\u00f6m\u00e4rgutuled.ee\/wp-content\/uploads\/2020\/02\/IMGP9299-scaled.jpg\" alt=\"\"><\/a><a href=\"https:\/\/j\u00fcri\u00f6\u00f6m\u00e4rgutuled.ee\/wp-content\/uploads\/2020\/02\/58790344_339824290071366_4881558226887245824_n.jpg\" data-lightbox=\"lightbox-70174027\" class=\"vce-image-masonry-gallery-item\"><img decoding=\"async\" class=\"vce-image-masonry-gallery-img\" src=\"https:\/\/j\u00fcri\u00f6\u00f6m\u00e4rgutuled.ee\/wp-content\/uploads\/2020\/02\/58790344_339824290071366_4881558226887245824_n.jpg\" alt=\"\"><\/a><a href=\"https:\/\/j\u00fcri\u00f6\u00f6m\u00e4rgutuled.ee\/wp-content\/uploads\/2020\/02\/57839936_614530602378782_965834876676734976_n.jpg\" data-lightbox=\"lightbox-70174027\" class=\"vce-image-masonry-gallery-item\"><img decoding=\"async\" class=\"vce-image-masonry-gallery-img\" src=\"https:\/\/j\u00fcri\u00f6\u00f6m\u00e4rgutuled.ee\/wp-content\/uploads\/2020\/02\/57839936_614530602378782_965834876676734976_n.jpg\" alt=\"\"><\/a><a href=\"https:\/\/j\u00fcri\u00f6\u00f6m\u00e4rgutuled.ee\/wp-content\/uploads\/2020\/02\/58381556_2587505697930996_7449056764101656576_n.jpg\" data-lightbox=\"lightbox-70174027\" class=\"vce-image-masonry-gallery-item\"><img decoding=\"async\" class=\"vce-image-masonry-gallery-img\" src=\"https:\/\/j\u00fcri\u00f6\u00f6m\u00e4rgutuled.ee\/wp-content\/uploads\/2020\/02\/58381556_2587505697930996_7449056764101656576_n.jpg\" alt=\"\"><\/a><a href=\"https:\/\/j\u00fcri\u00f6\u00f6m\u00e4rgutuled.ee\/wp-content\/uploads\/2020\/02\/58543298_873837959617395_5829747260493135872_n.jpg\" data-lightbox=\"lightbox-70174027\" class=\"vce-image-masonry-gallery-item\"><img decoding=\"async\" class=\"vce-image-masonry-gallery-img\" src=\"https:\/\/j\u00fcri\u00f6\u00f6m\u00e4rgutuled.ee\/wp-content\/uploads\/2020\/02\/58543298_873837959617395_5829747260493135872_n.jpg\" alt=\"\"><\/a><a href=\"https:\/\/j\u00fcri\u00f6\u00f6m\u00e4rgutuled.ee\/wp-content\/uploads\/2020\/02\/20190422_211515-scaled.jpg\" data-lightbox=\"lightbox-70174027\" class=\"vce-image-masonry-gallery-item\"><img decoding=\"async\" class=\"vce-image-masonry-gallery-img\" src=\"https:\/\/j\u00fcri\u00f6\u00f6m\u00e4rgutuled.ee\/wp-content\/uploads\/2020\/02\/20190422_211515-scaled.jpg\" alt=\"\"><\/a><\/div><div class=\"vce-image-masonry-gallery-column\"><a href=\"https:\/\/j\u00fcri\u00f6\u00f6m\u00e4rgutuled.ee\/wp-content\/uploads\/2020\/02\/messenger2.jpg\" data-lightbox=\"lightbox-70174027\" class=\"vce-image-masonry-gallery-item\"><img decoding=\"async\" class=\"vce-image-masonry-gallery-img\" src=\"https:\/\/j\u00fcri\u00f6\u00f6m\u00e4rgutuled.ee\/wp-content\/uploads\/2020\/02\/messenger2.jpg\" alt=\"\"><\/a><a href=\"https:\/\/j\u00fcri\u00f6\u00f6m\u00e4rgutuled.ee\/wp-content\/uploads\/2020\/02\/IMGP9292-scaled.jpg\" data-lightbox=\"lightbox-70174027\" class=\"vce-image-masonry-gallery-item\"><img decoding=\"async\" class=\"vce-image-masonry-gallery-img\" src=\"https:\/\/j\u00fcri\u00f6\u00f6m\u00e4rgutuled.ee\/wp-content\/uploads\/2020\/02\/IMGP9292-scaled.jpg\" alt=\"\"><\/a><a href=\"https:\/\/j\u00fcri\u00f6\u00f6m\u00e4rgutuled.ee\/wp-content\/uploads\/2020\/02\/59339716_2813960871954043_2827573650394185728_n.jpg\" data-lightbox=\"lightbox-70174027\" class=\"vce-image-masonry-gallery-item\"><img decoding=\"async\" class=\"vce-image-masonry-gallery-img\" src=\"https:\/\/j\u00fcri\u00f6\u00f6m\u00e4rgutuled.ee\/wp-content\/uploads\/2020\/02\/59339716_2813960871954043_2827573650394185728_n.jpg\" alt=\"\"><\/a><a href=\"https:\/\/j\u00fcri\u00f6\u00f6m\u00e4rgutuled.ee\/wp-content\/uploads\/2020\/02\/58442025_2587505881264311_257182139173306368_n.jpg\" data-lightbox=\"lightbox-70174027\" class=\"vce-image-masonry-gallery-item\"><img decoding=\"async\" class=\"vce-image-masonry-gallery-img\" src=\"https:\/\/j\u00fcri\u00f6\u00f6m\u00e4rgutuled.ee\/wp-content\/uploads\/2020\/02\/58442025_2587505881264311_257182139173306368_n.jpg\" alt=\"\"><\/a><a href=\"https:\/\/j\u00fcri\u00f6\u00f6m\u00e4rgutuled.ee\/wp-content\/uploads\/2020\/02\/57504534_795316997531636_3672246370074361856_n.jpg\" data-lightbox=\"lightbox-70174027\" class=\"vce-image-masonry-gallery-item\"><img decoding=\"async\" class=\"vce-image-masonry-gallery-img\" src=\"https:\/\/j\u00fcri\u00f6\u00f6m\u00e4rgutuled.ee\/wp-content\/uploads\/2020\/02\/57504534_795316997531636_3672246370074361856_n.jpg\" alt=\"\"><\/a><a href=\"https:\/\/j\u00fcri\u00f6\u00f6m\u00e4rgutuled.ee\/wp-content\/uploads\/2020\/02\/58113370_2587506711264228_2623638600201273344_n.jpg\" data-lightbox=\"lightbox-70174027\" class=\"vce-image-masonry-gallery-item\"><img decoding=\"async\" class=\"vce-image-masonry-gallery-img\" src=\"https:\/\/j\u00fcri\u00f6\u00f6m\u00e4rgutuled.ee\/wp-content\/uploads\/2020\/02\/58113370_2587506711264228_2623638600201273344_n.jpg\" alt=\"\"><\/a><a href=\"https:\/\/j\u00fcri\u00f6\u00f6m\u00e4rgutuled.ee\/wp-content\/uploads\/2020\/02\/58378325_2681170375246463_1491379341441892352_n.jpg\" data-lightbox=\"lightbox-70174027\" class=\"vce-image-masonry-gallery-item\"><img decoding=\"async\" class=\"vce-image-masonry-gallery-img\" src=\"https:\/\/j\u00fcri\u00f6\u00f6m\u00e4rgutuled.ee\/wp-content\/uploads\/2020\/02\/58378325_2681170375246463_1491379341441892352_n.jpg\" alt=\"\"><\/a><a href=\"https:\/\/j\u00fcri\u00f6\u00f6m\u00e4rgutuled.ee\/wp-content\/uploads\/2020\/02\/57503172_2587506894597543_3010421167077982208_n.jpg\" data-lightbox=\"lightbox-70174027\" class=\"vce-image-masonry-gallery-item\"><img decoding=\"async\" class=\"vce-image-masonry-gallery-img\" src=\"https:\/\/j\u00fcri\u00f6\u00f6m\u00e4rgutuled.ee\/wp-content\/uploads\/2020\/02\/57503172_2587506894597543_3010421167077982208_n.jpg\" alt=\"\"><\/a><a href=\"https:\/\/j\u00fcri\u00f6\u00f6m\u00e4rgutuled.ee\/wp-content\/uploads\/2020\/02\/11969451t1h6618.jpg\" data-lightbox=\"lightbox-70174027\" class=\"vce-image-masonry-gallery-item\"><img decoding=\"async\" class=\"vce-image-masonry-gallery-img\" src=\"https:\/\/j\u00fcri\u00f6\u00f6m\u00e4rgutuled.ee\/wp-content\/uploads\/2020\/02\/11969451t1h6618.jpg\" alt=\"\"><\/a><a href=\"https:\/\/j\u00fcri\u00f6\u00f6m\u00e4rgutuled.ee\/wp-content\/uploads\/2019\/03\/J\u00fcri\u00f6\u00f6-tuled.jpg\" data-lightbox=\"lightbox-70174027\" class=\"vce-image-masonry-gallery-item\"><img decoding=\"async\" class=\"vce-image-masonry-gallery-img\" src=\"https:\/\/j\u00fcri\u00f6\u00f6m\u00e4rgutuled.ee\/wp-content\/uploads\/2019\/03\/J\u00fcri\u00f6\u00f6-tuled.jpg\" alt=\"\"><\/a><\/div><div class=\"vce-image-masonry-gallery-column\"><a href=\"https:\/\/j\u00fcri\u00f6\u00f6m\u00e4rgutuled.ee\/wp-content\/uploads\/2020\/02\/IMGP9305-scaled.jpg\" data-lightbox=\"lightbox-70174027\" class=\"vce-image-masonry-gallery-item\"><img decoding=\"async\" class=\"vce-image-masonry-gallery-img\" src=\"https:\/\/j\u00fcri\u00f6\u00f6m\u00e4rgutuled.ee\/wp-content\/uploads\/2020\/02\/IMGP9305-scaled.jpg\" alt=\"\"><\/a><a href=\"https:\/\/j\u00fcri\u00f6\u00f6m\u00e4rgutuled.ee\/wp-content\/uploads\/2020\/02\/58574741_2253188234761735_5697758599044923392_n.jpg\" data-lightbox=\"lightbox-70174027\" class=\"vce-image-masonry-gallery-item\"><img decoding=\"async\" class=\"vce-image-masonry-gallery-img\" src=\"https:\/\/j\u00fcri\u00f6\u00f6m\u00e4rgutuled.ee\/wp-content\/uploads\/2020\/02\/58574741_2253188234761735_5697758599044923392_n.jpg\" alt=\"\"><\/a><a href=\"https:\/\/j\u00fcri\u00f6\u00f6m\u00e4rgutuled.ee\/wp-content\/uploads\/2020\/02\/57556848_2587506684597564_3316915608188092416_n.jpg\" data-lightbox=\"lightbox-70174027\" class=\"vce-image-masonry-gallery-item\"><img decoding=\"async\" class=\"vce-image-masonry-gallery-img\" src=\"https:\/\/j\u00fcri\u00f6\u00f6m\u00e4rgutuled.ee\/wp-content\/uploads\/2020\/02\/57556848_2587506684597564_3316915608188092416_n.jpg\" alt=\"\"><\/a><a href=\"https:\/\/j\u00fcri\u00f6\u00f6m\u00e4rgutuled.ee\/wp-content\/uploads\/2020\/02\/57614918_449407542494435_3572095321938853888_n.jpg\" data-lightbox=\"lightbox-70174027\" class=\"vce-image-masonry-gallery-item\"><img decoding=\"async\" class=\"vce-image-masonry-gallery-img\" src=\"https:\/\/j\u00fcri\u00f6\u00f6m\u00e4rgutuled.ee\/wp-content\/uploads\/2020\/02\/57614918_449407542494435_3572095321938853888_n.jpg\" alt=\"\"><\/a><a href=\"https:\/\/j\u00fcri\u00f6\u00f6m\u00e4rgutuled.ee\/wp-content\/uploads\/2020\/02\/57882553_310577956279189_400375687396982784_n.jpg\" data-lightbox=\"lightbox-70174027\" class=\"vce-image-masonry-gallery-item\"><img decoding=\"async\" class=\"vce-image-masonry-gallery-img\" src=\"https:\/\/j\u00fcri\u00f6\u00f6m\u00e4rgutuled.ee\/wp-content\/uploads\/2020\/02\/57882553_310577956279189_400375687396982784_n.jpg\" alt=\"\"><\/a><a href=\"https:\/\/j\u00fcri\u00f6\u00f6m\u00e4rgutuled.ee\/wp-content\/uploads\/2020\/02\/57504364_2587506481264251_7615849315075883008_n.jpg\" data-lightbox=\"lightbox-70174027\" class=\"vce-image-masonry-gallery-item\"><img decoding=\"async\" class=\"vce-image-masonry-gallery-img\" src=\"https:\/\/j\u00fcri\u00f6\u00f6m\u00e4rgutuled.ee\/wp-content\/uploads\/2020\/02\/57504364_2587506481264251_7615849315075883008_n.jpg\" alt=\"\"><\/a><a href=\"https:\/\/j\u00fcri\u00f6\u00f6m\u00e4rgutuled.ee\/wp-content\/uploads\/2020\/02\/57502898_2587506287930937_3318792349982654464_n.jpg\" data-lightbox=\"lightbox-70174027\" class=\"vce-image-masonry-gallery-item\"><img decoding=\"async\" class=\"vce-image-masonry-gallery-img\" src=\"https:\/\/j\u00fcri\u00f6\u00f6m\u00e4rgutuled.ee\/wp-content\/uploads\/2020\/02\/57502898_2587506287930937_3318792349982654464_n.jpg\" alt=\"\"><\/a><a href=\"https:\/\/j\u00fcri\u00f6\u00f6m\u00e4rgutuled.ee\/wp-content\/uploads\/2020\/02\/3-scaled.jpg\" data-lightbox=\"lightbox-70174027\" class=\"vce-image-masonry-gallery-item\"><img decoding=\"async\" class=\"vce-image-masonry-gallery-img\" src=\"https:\/\/j\u00fcri\u00f6\u00f6m\u00e4rgutuled.ee\/wp-content\/uploads\/2020\/02\/3-scaled.jpg\" alt=\"\"><\/a><a href=\"https:\/\/j\u00fcri\u00f6\u00f6m\u00e4rgutuled.ee\/wp-content\/uploads\/2019\/03\/jurioo-jooks-padise-kloostri-juures-68345809.jpg\" data-lightbox=\"lightbox-70174027\" class=\"vce-image-masonry-gallery-item\"><img decoding=\"async\" class=\"vce-image-masonry-gallery-img\" src=\"https:\/\/j\u00fcri\u00f6\u00f6m\u00e4rgutuled.ee\/wp-content\/uploads\/2019\/03\/jurioo-jooks-padise-kloostri-juures-68345809.jpg\" alt=\"\"><\/a><\/div><\/div><\/div><\/div><\/div><\/div><\/div><\/div><\/div><\/div><div class=\"vce-row-container\" data-vce-boxed-width=\"true\"><div class=\"vce-row vce-row--col-gap-30 vce-row-equal-height vce-row-columns--top vce-row-content--top\" id=\"el-cd89f45d\" data-vce-do-apply=\"all el-cd89f45d\"><div class=\"vce-row-content\" data-vce-element-content=\"true\"><div class=\"vce-col vce-col--md-auto vce-col--xs-1 vce-col--xs-last vce-col--xs-first vce-col--sm-last vce-col--sm-first vce-col--md-last vce-col--lg-last vce-col--xl-last vce-col--md-first vce-col--lg-first vce-col--xl-first\" id=\"el-8d494414\"><div class=\"vce-col-inner\" data-vce-do-apply=\"border margin background  el-8d494414\"><div class=\"vce-col-content\" data-vce-element-content=\"true\" data-vce-do-apply=\"padding el-8d494414\"><div class=\"vce-image-masonry-gallery\"><div class=\"vce-image-masonry-gallery-wrapper vce vce-image-masonry-gallery--gap-10 vce-image-masonry-gallery--columns-3\" id=\"el-99a999dc\" data-vce-do-apply=\"all el-99a999dc\"><div class=\"vce-image-masonry-gallery-list\"><div class=\"vce-image-masonry-gallery-column\"><a href=\"https:\/\/j\u00fcri\u00f6\u00f6m\u00e4rgutuled.ee\/wp-content\/uploads\/2021\/02\/2b425a5f-f774-41d4-a18d-8edee03291c4.jpeg\" data-lightbox=\"lightbox-99a999dc\" class=\"vce-image-masonry-gallery-item\"><img decoding=\"async\" class=\"vce-image-masonry-gallery-img\" src=\"https:\/\/j\u00fcri\u00f6\u00f6m\u00e4rgutuled.ee\/wp-content\/uploads\/2021\/02\/2b425a5f-f774-41d4-a18d-8edee03291c4.jpeg\" alt=\"\"><\/a><a href=\"https:\/\/j\u00fcri\u00f6\u00f6m\u00e4rgutuled.ee\/wp-content\/uploads\/2021\/02\/20200422-210648-1-rotated.jpg\" data-lightbox=\"lightbox-99a999dc\" class=\"vce-image-masonry-gallery-item\"><img decoding=\"async\" class=\"vce-image-masonry-gallery-img\" src=\"https:\/\/j\u00fcri\u00f6\u00f6m\u00e4rgutuled.ee\/wp-content\/uploads\/2021\/02\/20200422-210648-1-rotated.jpg\" alt=\"\"><\/a><\/div><div class=\"vce-image-masonry-gallery-column\"><a href=\"https:\/\/j\u00fcri\u00f6\u00f6m\u00e4rgutuled.ee\/wp-content\/uploads\/2021\/02\/20200422_210508-scaled.jpg\" data-lightbox=\"lightbox-99a999dc\" class=\"vce-image-masonry-gallery-item\"><img decoding=\"async\" class=\"vce-image-masonry-gallery-img\" src=\"https:\/\/j\u00fcri\u00f6\u00f6m\u00e4rgutuled.ee\/wp-content\/uploads\/2021\/02\/20200422_210508-scaled.jpg\" alt=\"\"><\/a><a href=\"https:\/\/j\u00fcri\u00f6\u00f6m\u00e4rgutuled.ee\/wp-content\/uploads\/2021\/02\/20200422-212309.jpg\" data-lightbox=\"lightbox-99a999dc\" class=\"vce-image-masonry-gallery-item\"><img decoding=\"async\" class=\"vce-image-masonry-gallery-img\" src=\"https:\/\/j\u00fcri\u00f6\u00f6m\u00e4rgutuled.ee\/wp-content\/uploads\/2021\/02\/20200422-212309.jpg\" alt=\"\"><\/a><\/div><div class=\"vce-image-masonry-gallery-column\"><a href=\"https:\/\/j\u00fcri\u00f6\u00f6m\u00e4rgutuled.ee\/wp-content\/uploads\/2021\/02\/20200422-2046331-rotated.jpg\" data-lightbox=\"lightbox-99a999dc\" class=\"vce-image-masonry-gallery-item\"><img decoding=\"async\" class=\"vce-image-masonry-gallery-img\" src=\"https:\/\/j\u00fcri\u00f6\u00f6m\u00e4rgutuled.ee\/wp-content\/uploads\/2021\/02\/20200422-2046331-rotated.jpg\" alt=\"\"><\/a><a href=\"https:\/\/j\u00fcri\u00f6\u00f6m\u00e4rgutuled.ee\/wp-content\/uploads\/2021\/02\/img-20200422-211003.jpg\" data-lightbox=\"lightbox-99a999dc\" class=\"vce-image-masonry-gallery-item\"><img decoding=\"async\" class=\"vce-image-masonry-gallery-img\" src=\"https:\/\/j\u00fcri\u00f6\u00f6m\u00e4rgutuled.ee\/wp-content\/uploads\/2021\/02\/img-20200422-211003.jpg\" alt=\"\"><\/a><a href=\"https:\/\/j\u00fcri\u00f6\u00f6m\u00e4rgutuled.ee\/wp-content\/uploads\/2021\/02\/img-20200422-211405.jpg\" data-lightbox=\"lightbox-99a999dc\" class=\"vce-image-masonry-gallery-item\"><img decoding=\"async\" class=\"vce-image-masonry-gallery-img\" src=\"https:\/\/j\u00fcri\u00f6\u00f6m\u00e4rgutuled.ee\/wp-content\/uploads\/2021\/02\/img-20200422-211405.jpg\" alt=\"\"><\/a><\/div><\/div><\/div><\/div><\/div><\/div><\/div><\/div><\/div><\/div>\n","protected":false},"excerpt":{"rendered":"","protected":false},"author":3,"featured_media":0,"parent":0,"menu_order":0,"comment_status":"closed","ping_status":"closed","template":"","meta":{"footnotes":""},"class_list":["post-931","page","type-page","status-publish","hentry","nodate","item-wrap"],"_links":{"self":[{"href":"https:\/\/j\u00fcri\u00f6\u00f6m\u00e4rgutuled.ee\/index.php?rest_route=\/wp\/v2\/pages\/931","targetHints":{"allow":["GET"]}}],"collection":[{"href":"https:\/\/j\u00fcri\u00f6\u00f6m\u00e4rgutuled.ee\/index.php?rest_route=\/wp\/v2\/pages"}],"about":[{"href":"https:\/\/j\u00fcri\u00f6\u00f6m\u00e4rgutuled.ee\/index.php?rest_route=\/wp\/v2\/types\/page"}],"author":[{"embeddable":true,"href":"https:\/\/j\u00fcri\u00f6\u00f6m\u00e4rgutuled.ee\/index.php?rest_route=\/wp\/v2\/users\/3"}],"replies":[{"embeddable":true,"href":"https:\/\/j\u00fcri\u00f6\u00f6m\u00e4rgutuled.ee\/index.php?rest_route=%2Fwp%2Fv2%2Fcomments&post=931"}],"version-history":[{"count":5,"href":"https:\/\/j\u00fcri\u00f6\u00f6m\u00e4rgutuled.ee\/index.php?rest_route=\/wp\/v2\/pages\/931\/revisions"}],"predecessor-version":[{"id":1188,"href":"https:\/\/j\u00fcri\u00f6\u00f6m\u00e4rgutuled.ee\/index.php?rest_route=\/wp\/v2\/pages\/931\/revisions\/1188"}],"wp:attachment":[{"href":"https:\/\/j\u00fcri\u00f6\u00f6m\u00e4rgutuled.ee\/index.php?rest_route=%2Fwp%2Fv2%2Fmedia&parent=931"}],"curies":[{"name":"wp","href":"https:\/\/api.w.org\/{rel}","templated":true}]}}